{"id":926,"date":"2025-12-09T17:11:46","date_gmt":"2025-12-09T17:11:46","guid":{"rendered":"https:\/\/loja.sbinova.com\/?post_type=product&#038;p=926"},"modified":"2025-12-10T14:28:24","modified_gmt":"2025-12-10T14:28:24","slug":"brasa-pizza","status":"publish","type":"product","link":"https:\/\/loja.sbinova.com\/en\/product\/brasa-pizza\/","title":{"rendered":"Site Pronto para Pizzaria &#8211; Brasa Pizza"},"content":{"rendered":"<p data-start=\"323\" data-end=\"653\">Um modelo moderno, elegante e totalmente personaliz\u00e1vel, ideal para pizzarias, restaurantes, bares, deliverys e neg\u00f3cios gastron\u00f4micos que desejam transmitir sabor, identidade e profissionalismo.<br data-start=\"518\" data-end=\"521\" \/>Com este template, sua marca ganha presen\u00e7a digital com impacto, oferecendo uma experi\u00eancia atraente e funcional para seus clientes.<\/p>\n<hr data-start=\"655\" data-end=\"658\" \/>\n<h2 data-start=\"660\" data-end=\"698\">\ud83d\udecd\ufe0f <strong data-start=\"667\" data-end=\"698\">O que esse template oferece<\/strong><\/h2>\n<h3 data-start=\"700\" data-end=\"747\">\ud83c\udf55 <strong data-start=\"707\" data-end=\"747\">P\u00e1gina inicial completa e envolvente<\/strong><\/h3>\n<p data-start=\"748\" data-end=\"809\">Uma home projetada para encantar e gerar pedidos, destacando:<\/p>\n<ul data-start=\"810\" data-end=\"981\">\n<li data-start=\"810\" data-end=\"845\">\n<p data-start=\"812\" data-end=\"845\">Os principais sabores de pizzas<\/p>\n<\/li>\n<li data-start=\"846\" data-end=\"876\">\n<p data-start=\"848\" data-end=\"876\">Drinks e bebidas especiais<\/p>\n<\/li>\n<li data-start=\"877\" data-end=\"924\">\n<p data-start=\"879\" data-end=\"924\">Se\u00e7\u00f5es de destaque para promo\u00e7\u00f5es e ofertas<\/p>\n<\/li>\n<li data-start=\"925\" data-end=\"981\">\n<p data-start=\"927\" data-end=\"981\">Link direto para card\u00e1pio em PDF da pr\u00f3pria pizzaria<\/p>\n<\/li>\n<\/ul>\n<h3 data-start=\"983\" data-end=\"1032\">\ud83d\udcc4 <strong data-start=\"990\" data-end=\"1032\">P\u00e1ginas e se\u00e7\u00f5es essenciais j\u00e1 prontas<\/strong><\/h3>\n<ul data-start=\"1033\" data-end=\"1281\">\n<li data-start=\"1033\" data-end=\"1095\">\n<p data-start=\"1035\" data-end=\"1095\"><strong data-start=\"1035\" data-end=\"1066\">Card\u00e1pio de pizzas e drinks<\/strong> integrado com PDF original<\/p>\n<\/li>\n<li data-start=\"1096\" data-end=\"1137\">\n<p data-start=\"1098\" data-end=\"1137\"><strong data-start=\"1098\" data-end=\"1122\">Hist\u00f3ria da pizzaria<\/strong> (Quem somos)<\/p>\n<\/li>\n<li data-start=\"1138\" data-end=\"1187\">\n<p data-start=\"1140\" data-end=\"1187\"><strong data-start=\"1140\" data-end=\"1160\">Fa\u00e7a sua reserva<\/strong> com bot\u00e3o de a\u00e7\u00e3o direto ao WhatsApp<\/p>\n<\/li>\n<li data-start=\"1233\" data-end=\"1281\">\n<p data-start=\"1235\" data-end=\"1281\"><strong data-start=\"1235\" data-end=\"1260\">Contato e localiza\u00e7\u00e3o<\/strong> com mapa integrado<\/p>\n<\/li>\n<\/ul>\n<h3 data-start=\"1283\" data-end=\"1311\">\ud83d\udcf1 <strong data-start=\"1290\" data-end=\"1311\">Layout responsivo<\/strong><\/h3>\n<p data-start=\"1312\" data-end=\"1412\">Perfeito em <strong data-start=\"1324\" data-end=\"1353\">desktop, tablet e celular<\/strong>, garantindo uma \u00f3tima experi\u00eancia para qualquer visitante.<\/p>\n<h3 data-start=\"1414\" data-end=\"1445\">\ud83c\udfa8 <strong data-start=\"1421\" data-end=\"1445\">F\u00e1cil personaliza\u00e7\u00e3o<\/strong><\/h3>\n<ul data-start=\"1446\" data-end=\"1595\">\n<li data-start=\"1446\" data-end=\"1515\">\n<p data-start=\"1448\" data-end=\"1515\">Adicione <strong data-start=\"1457\" data-end=\"1494\">logo, cores, tipografia e imagens<\/strong> com poucos cliques<\/p>\n<\/li>\n<li data-start=\"1516\" data-end=\"1595\">\n<p data-start=\"1518\" data-end=\"1595\">Basta substituir textos e fotos para deixar tudo com a cara da sua pizzaria<\/p>\n<\/li>\n<\/ul>\n<h3 data-start=\"1597\" data-end=\"1626\">\u26a1 <strong data-start=\"1603\" data-end=\"1626\">Integra\u00e7\u00f5es r\u00e1pidas<\/strong><\/h3>\n<ul data-start=\"1627\" data-end=\"1781\">\n<li data-start=\"1627\" data-end=\"1677\">\n<p data-start=\"1629\" data-end=\"1677\">Bot\u00f5es para <strong data-start=\"1641\" data-end=\"1653\">WhatsApp<\/strong>, Instagram e Facebook<\/p>\n<\/li>\n<li data-start=\"1678\" data-end=\"1716\">\n<p data-start=\"1680\" data-end=\"1716\">Formul\u00e1rios de contato ou reservas<\/p>\n<\/li>\n<li data-start=\"1717\" data-end=\"1781\">\n<p data-start=\"1719\" data-end=\"1781\">Links para delivery (iFood, Aiqfome, WhatsApp ou site pr\u00f3prio)<\/p>\n<\/li>\n<\/ul>\n<h3 data-start=\"1783\" data-end=\"1810\">\ud83e\uddf1 <strong data-start=\"1790\" data-end=\"1810\">Estrutura pronta<\/strong><\/h3>\n<p data-start=\"1811\" data-end=\"1890\">Ideal para quem quer apenas instalar, ajustar e j\u00e1 publicar o site rapidamente.<\/p>\n<hr data-start=\"1892\" data-end=\"1895\" \/>\n<h2 data-start=\"1897\" data-end=\"1935\">\ud83d\udd27 <strong data-start=\"1903\" data-end=\"1935\">O que voc\u00ea precisa para usar<\/strong><\/h2>\n<ul data-start=\"1937\" data-end=\"2157\">\n<li data-start=\"2001\" data-end=\"2045\">\n<p data-start=\"2003\" data-end=\"2045\"><strong data-start=\"2003\" data-end=\"2014\">Dom\u00ednio<\/strong> (ex: <a class=\"decorated-link cursor-pointer\" target=\"_new\" rel=\"noopener\" data-start=\"2020\" data-end=\"2042\">www.suapizzaria.com.br<\/a>)<\/p>\n<\/li>\n<li data-start=\"2046\" data-end=\"2092\">\n<p data-start=\"2048\" data-end=\"2092\"><strong data-start=\"2048\" data-end=\"2062\">Hospedagem<\/strong> \u2013 onde o site ficar\u00e1 online<\/p>\n<\/li>\n<li data-start=\"2093\" data-end=\"2157\">\n<p data-start=\"2095\" data-end=\"2157\"><strong data-start=\"2095\" data-end=\"2118\">WordPress instalado<\/strong> \u2013 plataforma que gerencia o conte\u00fado<\/p>\n<\/li>\n<\/ul>\n<hr data-start=\"2159\" data-end=\"2162\" \/>\n<h2 data-start=\"2164\" data-end=\"2190\">\ud83d\udce9 <strong data-start=\"2170\" data-end=\"2190\">Como voc\u00ea recebe<\/strong><\/h2>\n<p data-start=\"2192\" data-end=\"2218\">Ap\u00f3s a compra, voc\u00ea obt\u00e9m:<\/p>\n<ul data-start=\"2220\" data-end=\"2389\">\n<li data-start=\"2220\" data-end=\"2271\">\n<p data-start=\"2222\" data-end=\"2271\">O <strong data-start=\"2224\" data-end=\"2245\">template completo<\/strong>, pronto para instala\u00e7\u00e3o<\/p>\n<\/li>\n<li data-start=\"2272\" data-end=\"2326\">\n<p data-start=\"2274\" data-end=\"2326\">Um <strong data-start=\"2277\" data-end=\"2301\">manual passo a passo<\/strong> com instru\u00e7\u00f5es simples<\/p>\n<\/li>\n<li data-start=\"2327\" data-end=\"2389\">\n<p data-start=\"2329\" data-end=\"2389\"><strong data-start=\"2329\" data-end=\"2347\">Dicas pr\u00e1ticas<\/strong> para colocar seu site no ar rapidamente<\/p>\n<\/li>\n<\/ul>\n<hr data-start=\"2391\" data-end=\"2394\" \/>\n<h2 data-start=\"2396\" data-end=\"2467\">\ud83d\udccc <strong data-start=\"2402\" data-end=\"2467\">Opcionais adicionais (servi\u00e7os extras que voc\u00ea pode oferecer)<\/strong><\/h2>\n<ul data-start=\"2469\" data-end=\"2718\">\n<li data-start=\"2469\" data-end=\"2522\">\n<p data-start=\"2471\" data-end=\"2522\">Instala\u00e7\u00e3o completa do site no dom\u00ednio do cliente<\/p>\n<\/li>\n<li data-start=\"2523\" data-end=\"2588\">\n<p data-start=\"2525\" data-end=\"2588\">Personaliza\u00e7\u00e3o com <strong data-start=\"2544\" data-end=\"2586\">logo, cores, banners, fotos e card\u00e1pio<\/strong><\/p>\n<\/li>\n<li data-start=\"2589\" data-end=\"2660\">\n<p data-start=\"2591\" data-end=\"2660\">Configura\u00e7\u00e3o de <strong data-start=\"2607\" data-end=\"2658\">formul\u00e1rios, WhatsApp, redes sociais e reservas<\/strong><\/p>\n<\/li>\n<li data-start=\"2661\" data-end=\"2718\">\n<p data-start=\"2663\" data-end=\"2718\">Ajuste profissional do card\u00e1pio em PDF, caso necess\u00e1rio<\/p>\n<\/li>\n<\/ul>\n<hr data-start=\"2720\" data-end=\"2723\" \/>\n<h2 data-start=\"2725\" data-end=\"2761\">\ud83d\udd17 <strong data-start=\"2731\" data-end=\"2759\">Demonstra\u00e7\u00e3o do template<\/strong><\/h2>\n<p data-start=\"2762\" data-end=\"2835\">\ud83d\udc49https:\/\/brasapizza.loja.sbinova.com<\/p>\n<hr data-start=\"2837\" data-end=\"2840\" \/>\n<p data-start=\"2842\" data-end=\"2957\">\u26a0\ufe0f <strong data-start=\"2845\" data-end=\"2884\">Produto digital \u2013 n\u00e3o reembols\u00e1vel.<\/strong><br data-start=\"2884\" data-end=\"2887\" \/>\ud83d\udce9 <strong data-start=\"2890\" data-end=\"2902\">Suporte:<\/strong> <a class=\"decorated-link cursor-pointer\" rel=\"noopener\" data-start=\"2903\" data-end=\"2922\">suporte@loja.sbinova.com<\/a><br data-start=\"2922\" data-end=\"2925\" \/>\ud83d\udcf1 <strong data-start=\"2928\" data-end=\"2941\">WhatsApp:<\/strong> (41) 92002-6637<\/p>\n\n    <div class=\"xs_social_share_widget xs_share_url after_content \t\tmain_content  wslu-style-2 wslu-share-box-shaped wslu-fill-colored wslu-share-m-5 wslu-none wslu-share-horizontal wslu-theme-font-yes wslu-main_content\">\n\n\t\t\n        <ul>\n\t\t\t                    <li class=\"xs-share-li facebook                        wslu-no-extra-data\">\n                        <a href=\"javascript:void(0);\"\n                           id=\"xs_feed_facebook\"\n                           onclick=\"xs_social_sharer(this);\"\n                           data-pid=\"926\"\n                           data-uri_hash=\"a20772ca5fd502731d2b169f0d7ea4be\"\n                           data-key=\"facebook\"\n                           data-xs-href=\"http:\/\/www.facebook.com\/sharer.php?u=https%3A%2F%2Floja.sbinova.com%2Fen%2Fwp-json%2Fwp%2Fv2%2Fproduct%2F926&amp;t=Site+Pronto+para+Pizzaria+%26%238211%3B+Brasa+Pizza&amp;v=3\">\n\n                            <div class=\"xs-social-icon\">\n                                <span class=\"met-social met-social-facebook\"><\/span>\n                            <\/div>\n\n\t\t\t\t\t\t\t\n                            <div class=\"wslu-hover-content\">\n                                <div class=\"xs-social-followers\">\n\t\t\t\t\t\t\t\t\t0                                <\/div>\n                                <div class=\"xs-social-follower-text\">\n\t\t\t\t\t\t\t\t\tShare                                <\/div>\n                                <div class=\"xs-social-follower-label\">\n\t\t\t\t\t\t\t\t\tFacebook                                <\/div>\n                            <\/div>\n                        <\/a>\n                    <\/li>\n\t\t\t\t\t        <\/ul>\n    <\/div>","protected":false},"excerpt":{"rendered":"<p>Um modelo moderno, elegante e totalmente personaliz\u00e1vel, ideal para pizzarias, restaurantes, bares, deliverys e neg\u00f3cios gastron\u00f4micos que desejam transmitir sabor, identidade e profissionalismo.Com este template, sua marca ganha presen\u00e7a digital com impacto, oferecendo uma experi\u00eancia atraente e funcional para seus clientes. \ud83d\udecd\ufe0f O que esse template oferece \ud83c\udf55 P\u00e1gina inicial completa e envolvente Uma home [&hellip;]<\/p>","protected":false},"featured_media":933,"comment_status":"open","ping_status":"closed","template":"","meta":{"_acf_changed":false,"pagelayer_contact_templates":[],"_pagelayer_content":"","postBodyCss":"","postBodyMargin":[],"postBodyPadding":[],"postBodyBackground":{"backgroundType":"classic","gradient":""}},"product_brand":[],"product_cat":[37,40],"product_tag":[],"class_list":{"0":"post-926","1":"product","2":"type-product","3":"status-publish","4":"has-post-thumbnail","6":"product_cat-alimentacao","7":"product_cat-pizzaria","9":"first","10":"instock","11":"sale","12":"downloadable","13":"shipping-taxable","14":"purchasable","15":"product-type-simple"},"acf":[],"yoast_head":"<!-- This site is optimized with the Yoast SEO Premium plugin v25.6 (Yoast SEO v26.5) - https:\/\/yoast.com\/wordpress\/plugins\/seo\/ -->\n<title>Site Pronto para Pizzaria - Brasa Pizza - SB Inova<\/title>\n<meta name=\"robots\" content=\"index, follow, max-snippet:-1, max-image-preview:large, max-video-preview:-1\" \/>\n<link rel=\"canonical\" href=\"https:\/\/loja.sbinova.com\/en\/product\/brasa-pizza\/\" \/>\n<meta property=\"og:locale\" content=\"en_US\" \/>\n<meta property=\"og:type\" content=\"article\" \/>\n<meta property=\"og:title\" content=\"Site Pronto para Pizzaria - Brasa Pizza\" \/>\n<meta property=\"og:description\" content=\"Um modelo moderno, elegante e totalmente personaliz\u00e1vel, ideal para pizzarias, restaurantes, bares, deliverys e neg\u00f3cios gastron\u00f4micos que desejam transmitir sabor, identidade e profissionalismo.Com este template, sua marca ganha presen\u00e7a digital com impacto, oferecendo uma experi\u00eancia atraente e funcional para seus clientes. \ud83d\udecd\ufe0f O que esse template oferece \ud83c\udf55 P\u00e1gina inicial completa e envolvente Uma home [&hellip;]\" \/>\n<meta property=\"og:url\" content=\"https:\/\/loja.sbinova.com\/en\/product\/brasa-pizza\/\" \/>\n<meta property=\"og:site_name\" content=\"SB Inova\" \/>\n<meta property=\"article:modified_time\" content=\"2025-12-10T14:28:24+00:00\" \/>\n<meta property=\"og:image\" content=\"https:\/\/loja.sbinova.com\/wp-content\/uploads\/2025\/12\/1.png\" \/>\n\t<meta property=\"og:image:width\" content=\"1000\" \/>\n\t<meta property=\"og:image:height\" content=\"500\" \/>\n\t<meta property=\"og:image:type\" content=\"image\/png\" \/>\n<meta name=\"twitter:card\" content=\"summary_large_image\" \/>\n<meta name=\"twitter:label1\" content=\"Est. reading time\" \/>\n\t<meta name=\"twitter:data1\" content=\"2 minutes\" \/>\n<script type=\"application\/ld+json\" class=\"yoast-schema-graph\">{\"@context\":\"https:\/\/schema.org\",\"@graph\":[{\"@type\":\"WebPage\",\"@id\":\"https:\/\/loja.sbinova.com\/product\/brasa-pizza\/\",\"url\":\"https:\/\/loja.sbinova.com\/product\/brasa-pizza\/\",\"name\":\"Site Pronto para Pizzaria - Brasa Pizza - SB Inova\",\"isPartOf\":{\"@id\":\"https:\/\/loja.sbinova.com\/#website\"},\"primaryImageOfPage\":{\"@id\":\"https:\/\/loja.sbinova.com\/product\/brasa-pizza\/#primaryimage\"},\"image\":{\"@id\":\"https:\/\/loja.sbinova.com\/product\/brasa-pizza\/#primaryimage\"},\"thumbnailUrl\":\"https:\/\/loja.sbinova.com\/wp-content\/uploads\/2025\/12\/1.png\",\"datePublished\":\"2025-12-09T17:11:46+00:00\",\"dateModified\":\"2025-12-10T14:28:24+00:00\",\"breadcrumb\":{\"@id\":\"https:\/\/loja.sbinova.com\/product\/brasa-pizza\/#breadcrumb\"},\"inLanguage\":\"en-US\",\"potentialAction\":[{\"@type\":\"ReadAction\",\"target\":[\"https:\/\/loja.sbinova.com\/product\/brasa-pizza\/\"]}]},{\"@type\":\"ImageObject\",\"inLanguage\":\"en-US\",\"@id\":\"https:\/\/loja.sbinova.com\/product\/brasa-pizza\/#primaryimage\",\"url\":\"https:\/\/loja.sbinova.com\/wp-content\/uploads\/2025\/12\/1.png\",\"contentUrl\":\"https:\/\/loja.sbinova.com\/wp-content\/uploads\/2025\/12\/1.png\",\"width\":1000,\"height\":500},{\"@type\":\"BreadcrumbList\",\"@id\":\"https:\/\/loja.sbinova.com\/product\/brasa-pizza\/#breadcrumb\",\"itemListElement\":[{\"@type\":\"ListItem\",\"position\":1,\"name\":\"Home\",\"item\":\"https:\/\/loja.sbinova.com\/\"},{\"@type\":\"ListItem\",\"position\":2,\"name\":\"Todos os Sites\",\"item\":\"https:\/\/loja.sbinova.com\/todos-os-sites\/\"},{\"@type\":\"ListItem\",\"position\":3,\"name\":\"Site Pronto para Pizzaria &#8211; Brasa Pizza\"}]},{\"@type\":\"WebSite\",\"@id\":\"https:\/\/loja.sbinova.com\/#website\",\"url\":\"https:\/\/loja.sbinova.com\/\",\"name\":\"SB Inova\",\"description\":\"Seu neg\u00f3cio no ar em minutos!\",\"publisher\":{\"@id\":\"https:\/\/loja.sbinova.com\/#organization\"},\"potentialAction\":[{\"@type\":\"SearchAction\",\"target\":{\"@type\":\"EntryPoint\",\"urlTemplate\":\"https:\/\/loja.sbinova.com\/?s={search_term_string}\"},\"query-input\":{\"@type\":\"PropertyValueSpecification\",\"valueRequired\":true,\"valueName\":\"search_term_string\"}}],\"inLanguage\":\"en-US\"},{\"@type\":\"Organization\",\"@id\":\"https:\/\/loja.sbinova.com\/#organization\",\"name\":\"SB Inova\",\"url\":\"https:\/\/loja.sbinova.com\/\",\"logo\":{\"@type\":\"ImageObject\",\"inLanguage\":\"en-US\",\"@id\":\"https:\/\/loja.sbinova.com\/#\/schema\/logo\/image\/\",\"url\":\"https:\/\/loja.sbinova.com\/wp-content\/uploads\/2025\/08\/logo-sb-inova-scaled-e1757509938593.png\",\"contentUrl\":\"https:\/\/loja.sbinova.com\/wp-content\/uploads\/2025\/08\/logo-sb-inova-scaled-e1757509938593.png\",\"width\":1916,\"height\":1694,\"caption\":\"SB Inova\"},\"image\":{\"@id\":\"https:\/\/loja.sbinova.com\/#\/schema\/logo\/image\/\"}}]}<\/script>\n<!-- \/ Yoast SEO Premium plugin. -->","yoast_head_json":{"title":"Site Pronto para Pizzaria - Brasa Pizza - SB Inova","robots":{"index":"index","follow":"follow","max-snippet":"max-snippet:-1","max-image-preview":"max-image-preview:large","max-video-preview":"max-video-preview:-1"},"canonical":"https:\/\/loja.sbinova.com\/en\/product\/brasa-pizza\/","og_locale":"en_US","og_type":"article","og_title":"Site Pronto para Pizzaria - Brasa Pizza","og_description":"Um modelo moderno, elegante e totalmente personaliz\u00e1vel, ideal para pizzarias, restaurantes, bares, deliverys e neg\u00f3cios gastron\u00f4micos que desejam transmitir sabor, identidade e profissionalismo.Com este template, sua marca ganha presen\u00e7a digital com impacto, oferecendo uma experi\u00eancia atraente e funcional para seus clientes. \ud83d\udecd\ufe0f O que esse template oferece \ud83c\udf55 P\u00e1gina inicial completa e envolvente Uma home [&hellip;]","og_url":"https:\/\/loja.sbinova.com\/en\/product\/brasa-pizza\/","og_site_name":"SB Inova","article_modified_time":"2025-12-10T14:28:24+00:00","og_image":[{"width":1000,"height":500,"url":"https:\/\/loja.sbinova.com\/wp-content\/uploads\/2025\/12\/1.png","type":"image\/png"}],"twitter_card":"summary_large_image","twitter_misc":{"Est. reading time":"2 minutes"},"schema":{"@context":"https:\/\/schema.org","@graph":[{"@type":"WebPage","@id":"https:\/\/loja.sbinova.com\/product\/brasa-pizza\/","url":"https:\/\/loja.sbinova.com\/product\/brasa-pizza\/","name":"Site Pronto para Pizzaria - Brasa Pizza - SB Inova","isPartOf":{"@id":"https:\/\/loja.sbinova.com\/#website"},"primaryImageOfPage":{"@id":"https:\/\/loja.sbinova.com\/product\/brasa-pizza\/#primaryimage"},"image":{"@id":"https:\/\/loja.sbinova.com\/product\/brasa-pizza\/#primaryimage"},"thumbnailUrl":"https:\/\/loja.sbinova.com\/wp-content\/uploads\/2025\/12\/1.png","datePublished":"2025-12-09T17:11:46+00:00","dateModified":"2025-12-10T14:28:24+00:00","breadcrumb":{"@id":"https:\/\/loja.sbinova.com\/product\/brasa-pizza\/#breadcrumb"},"inLanguage":"en-US","potentialAction":[{"@type":"ReadAction","target":["https:\/\/loja.sbinova.com\/product\/brasa-pizza\/"]}]},{"@type":"ImageObject","inLanguage":"en-US","@id":"https:\/\/loja.sbinova.com\/product\/brasa-pizza\/#primaryimage","url":"https:\/\/loja.sbinova.com\/wp-content\/uploads\/2025\/12\/1.png","contentUrl":"https:\/\/loja.sbinova.com\/wp-content\/uploads\/2025\/12\/1.png","width":1000,"height":500},{"@type":"BreadcrumbList","@id":"https:\/\/loja.sbinova.com\/product\/brasa-pizza\/#breadcrumb","itemListElement":[{"@type":"ListItem","position":1,"name":"Home","item":"https:\/\/loja.sbinova.com\/"},{"@type":"ListItem","position":2,"name":"Todos os Sites","item":"https:\/\/loja.sbinova.com\/todos-os-sites\/"},{"@type":"ListItem","position":3,"name":"Site Pronto para Pizzaria &#8211; Brasa Pizza"}]},{"@type":"WebSite","@id":"https:\/\/loja.sbinova.com\/#website","url":"https:\/\/loja.sbinova.com\/","name":"SB Inova","description":"Seu neg\u00f3cio no ar em minutos!","publisher":{"@id":"https:\/\/loja.sbinova.com\/#organization"},"potentialAction":[{"@type":"SearchAction","target":{"@type":"EntryPoint","urlTemplate":"https:\/\/loja.sbinova.com\/?s={search_term_string}"},"query-input":{"@type":"PropertyValueSpecification","valueRequired":true,"valueName":"search_term_string"}}],"inLanguage":"en-US"},{"@type":"Organization","@id":"https:\/\/loja.sbinova.com\/#organization","name":"SB Inova","url":"https:\/\/loja.sbinova.com\/","logo":{"@type":"ImageObject","inLanguage":"en-US","@id":"https:\/\/loja.sbinova.com\/#\/schema\/logo\/image\/","url":"https:\/\/loja.sbinova.com\/wp-content\/uploads\/2025\/08\/logo-sb-inova-scaled-e1757509938593.png","contentUrl":"https:\/\/loja.sbinova.com\/wp-content\/uploads\/2025\/08\/logo-sb-inova-scaled-e1757509938593.png","width":1916,"height":1694,"caption":"SB Inova"},"image":{"@id":"https:\/\/loja.sbinova.com\/#\/schema\/logo\/image\/"}}]}},"_links":{"self":[{"href":"https:\/\/loja.sbinova.com\/en\/wp-json\/wp\/v2\/product\/926","targetHints":{"allow":["GET"]}}],"collection":[{"href":"https:\/\/loja.sbinova.com\/en\/wp-json\/wp\/v2\/product"}],"about":[{"href":"https:\/\/loja.sbinova.com\/en\/wp-json\/wp\/v2\/types\/product"}],"replies":[{"embeddable":true,"href":"https:\/\/loja.sbinova.com\/en\/wp-json\/wp\/v2\/comments?post=926"}],"wp:featuredmedia":[{"embeddable":true,"href":"https:\/\/loja.sbinova.com\/en\/wp-json\/wp\/v2\/media\/933"}],"wp:attachment":[{"href":"https:\/\/loja.sbinova.com\/en\/wp-json\/wp\/v2\/media?parent=926"}],"wp:term":[{"taxonomy":"product_brand","embeddable":true,"href":"https:\/\/loja.sbinova.com\/en\/wp-json\/wp\/v2\/product_brand?post=926"},{"taxonomy":"product_cat","embeddable":true,"href":"https:\/\/loja.sbinova.com\/en\/wp-json\/wp\/v2\/product_cat?post=926"},{"taxonomy":"product_tag","embeddable":true,"href":"https:\/\/loja.sbinova.com\/en\/wp-json\/wp\/v2\/product_tag?post=926"}],"curies":[{"name":"wp","href":"https:\/\/api.w.org\/{rel}","templated":true}]}}