{"id":630,"date":"2025-09-16T00:33:27","date_gmt":"2025-09-16T00:33:27","guid":{"rendered":"https:\/\/loja.sbinova.com\/?post_type=product&#038;p=630"},"modified":"2025-10-20T12:02:42","modified_gmt":"2025-10-20T12:02:42","slug":"instalacao-do-site-20-produtos-p-loja-personalizacao-do-site","status":"publish","type":"product","link":"https:\/\/loja.sbinova.com\/en\/product\/instalacao-do-site-20-produtos-p-loja-personalizacao-do-site\/","title":{"rendered":"Instala\u00e7\u00e3o Completa"},"content":{"rendered":"<div class=\"xs_social_share_widget xs_share_url after_content \t\tmain_content  wslu-style-2 wslu-share-box-shaped wslu-fill-colored wslu-share-m-5 wslu-none wslu-share-horizontal wslu-theme-font-yes wslu-main_content\">\n\n\t\t\n        <ul>\n\t\t\t                    <li class=\"xs-share-li facebook                        wslu-no-extra-data\">\n                        <a href=\"javascript:void(0);\"\n                           id=\"xs_feed_facebook\"\n                           onclick=\"xs_social_sharer(this);\"\n                           data-pid=\"630\"\n                           data-uri_hash=\"40ddeb4de83c116e4c61cef277497866\"\n                           data-key=\"facebook\"\n                           data-xs-href=\"http:\/\/www.facebook.com\/sharer.php?u=https%3A%2F%2Floja.sbinova.com%2Fen%2Fwp-json%2Fwp%2Fv2%2Fproduct%2F630&amp;t=Instala%C3%A7%C3%A3o+Completa&amp;v=3\">\n\n                            <div class=\"xs-social-icon\">\n                                <span class=\"met-social met-social-facebook\"><\/span>\n                            <\/div>\n\n\t\t\t\t\t\t\t\n                            <div class=\"wslu-hover-content\">\n                                <div class=\"xs-social-followers\">\n\t\t\t\t\t\t\t\t\t0                                <\/div>\n                                <div class=\"xs-social-follower-text\">\n\t\t\t\t\t\t\t\t\tShare                                <\/div>\n                                <div class=\"xs-social-follower-label\">\n\t\t\t\t\t\t\t\t\tFacebook                                <\/div>\n                            <\/div>\n                        <\/a>\n                    <\/li>\n\t\t\t\t\t        <\/ul>\n    <\/div>","protected":false},"excerpt":{"rendered":"<ul>\n<li>Site instalado pronto para usar;<\/li>\n<li>Personaliza\u00e7\u00e3o de cores, logo, textos (fornecido pelo comprador);<\/li>\n<li>P\u00e1ginas configuradas e otimiza\u00e7\u00e3o inicial;<\/li>\n<li>Instala\u00e7\u00e3o de 20 produtos para loja virtual.<\/li>\n<\/ul>","protected":false},"featured_media":623,"comment_status":"open","ping_status":"closed","template":"","meta":{"_acf_changed":false,"pagelayer_contact_templates":[],"_pagelayer_content":"","postBodyCss":"","postBodyMargin":[],"postBodyPadding":[],"postBodyBackground":{"backgroundType":"classic","gradient":""}},"product_brand":[],"product_cat":[26],"product_tag":[],"class_list":{"0":"post-630","1":"product","2":"type-product","3":"status-publish","4":"has-post-thumbnail","6":"product_cat-outros","8":"first","9":"instock","10":"shipping-taxable","11":"purchasable","12":"product-type-simple"},"acf":[],"yoast_head":"<!-- This site is optimized with the Yoast SEO Premium plugin v25.6 (Yoast SEO v26.5) - https:\/\/yoast.com\/wordpress\/plugins\/seo\/ -->\n<title>Instala\u00e7\u00e3o Completa - SB Inova<\/title>\n<meta name=\"robots\" content=\"index, follow, max-snippet:-1, max-image-preview:large, max-video-preview:-1\" \/>\n<link rel=\"canonical\" href=\"https:\/\/loja.sbinova.com\/en\/product\/instalacao-do-site-20-produtos-p-loja-personalizacao-do-site\/\" \/>\n<meta property=\"og:locale\" content=\"en_US\" \/>\n<meta property=\"og:type\" content=\"article\" \/>\n<meta property=\"og:title\" content=\"Instala\u00e7\u00e3o Completa\" \/>\n<meta property=\"og:description\" content=\"Site instalado pronto para usar;  Personaliza\u00e7\u00e3o de cores, logo, textos (fornecido pelo comprador);  P\u00e1ginas configuradas e otimiza\u00e7\u00e3o inicial;  Instala\u00e7\u00e3o de 20 produtos para loja virtual.\" \/>\n<meta property=\"og:url\" content=\"https:\/\/loja.sbinova.com\/en\/product\/instalacao-do-site-20-produtos-p-loja-personalizacao-do-site\/\" \/>\n<meta property=\"og:site_name\" content=\"SB Inova\" \/>\n<meta property=\"article:modified_time\" content=\"2025-10-20T12:02:42+00:00\" \/>\n<meta property=\"og:image\" content=\"https:\/\/loja.sbinova.com\/wp-content\/uploads\/2025\/09\/Imagem-do-WhatsApp-de-2025-09-15-as-21.24.07_f6e05ab8.jpg\" \/>\n\t<meta property=\"og:image:width\" content=\"1220\" \/>\n\t<meta property=\"og:image:height\" content=\"1141\" \/>\n\t<meta property=\"og:image:type\" content=\"image\/jpeg\" \/>\n<meta name=\"twitter:card\" content=\"summary_large_image\" \/>\n<meta name=\"twitter:label1\" content=\"Est. reading time\" \/>\n\t<meta name=\"twitter:data1\" content=\"1 minute\" \/>\n<script type=\"application\/ld+json\" class=\"yoast-schema-graph\">{\"@context\":\"https:\/\/schema.org\",\"@graph\":[{\"@type\":\"WebPage\",\"@id\":\"https:\/\/loja.sbinova.com\/product\/instalacao-do-site-20-produtos-p-loja-personalizacao-do-site\/\",\"url\":\"https:\/\/loja.sbinova.com\/product\/instalacao-do-site-20-produtos-p-loja-personalizacao-do-site\/\",\"name\":\"Instala\u00e7\u00e3o Completa - SB Inova\",\"isPartOf\":{\"@id\":\"https:\/\/loja.sbinova.com\/#website\"},\"primaryImageOfPage\":{\"@id\":\"https:\/\/loja.sbinova.com\/product\/instalacao-do-site-20-produtos-p-loja-personalizacao-do-site\/#primaryimage\"},\"image\":{\"@id\":\"https:\/\/loja.sbinova.com\/product\/instalacao-do-site-20-produtos-p-loja-personalizacao-do-site\/#primaryimage\"},\"thumbnailUrl\":\"https:\/\/loja.sbinova.com\/wp-content\/uploads\/2025\/09\/Imagem-do-WhatsApp-de-2025-09-15-as-21.24.07_f6e05ab8.jpg\",\"datePublished\":\"2025-09-16T00:33:27+00:00\",\"dateModified\":\"2025-10-20T12:02:42+00:00\",\"breadcrumb\":{\"@id\":\"https:\/\/loja.sbinova.com\/product\/instalacao-do-site-20-produtos-p-loja-personalizacao-do-site\/#breadcrumb\"},\"inLanguage\":\"en-US\",\"potentialAction\":[{\"@type\":\"ReadAction\",\"target\":[\"https:\/\/loja.sbinova.com\/product\/instalacao-do-site-20-produtos-p-loja-personalizacao-do-site\/\"]}]},{\"@type\":\"ImageObject\",\"inLanguage\":\"en-US\",\"@id\":\"https:\/\/loja.sbinova.com\/product\/instalacao-do-site-20-produtos-p-loja-personalizacao-do-site\/#primaryimage\",\"url\":\"https:\/\/loja.sbinova.com\/wp-content\/uploads\/2025\/09\/Imagem-do-WhatsApp-de-2025-09-15-as-21.24.07_f6e05ab8.jpg\",\"contentUrl\":\"https:\/\/loja.sbinova.com\/wp-content\/uploads\/2025\/09\/Imagem-do-WhatsApp-de-2025-09-15-as-21.24.07_f6e05ab8.jpg\",\"width\":1220,\"height\":1141},{\"@type\":\"BreadcrumbList\",\"@id\":\"https:\/\/loja.sbinova.com\/product\/instalacao-do-site-20-produtos-p-loja-personalizacao-do-site\/#breadcrumb\",\"itemListElement\":[{\"@type\":\"ListItem\",\"position\":1,\"name\":\"Home\",\"item\":\"https:\/\/loja.sbinova.com\/\"},{\"@type\":\"ListItem\",\"position\":2,\"name\":\"Todos os Sites\",\"item\":\"https:\/\/loja.sbinova.com\/todos-os-sites\/\"},{\"@type\":\"ListItem\",\"position\":3,\"name\":\"Instala\u00e7\u00e3o Completa\"}]},{\"@type\":\"WebSite\",\"@id\":\"https:\/\/loja.sbinova.com\/#website\",\"url\":\"https:\/\/loja.sbinova.com\/\",\"name\":\"SB Inova\",\"description\":\"Seu neg\u00f3cio no ar em minutos!\",\"publisher\":{\"@id\":\"https:\/\/loja.sbinova.com\/#organization\"},\"potentialAction\":[{\"@type\":\"SearchAction\",\"target\":{\"@type\":\"EntryPoint\",\"urlTemplate\":\"https:\/\/loja.sbinova.com\/?s={search_term_string}\"},\"query-input\":{\"@type\":\"PropertyValueSpecification\",\"valueRequired\":true,\"valueName\":\"search_term_string\"}}],\"inLanguage\":\"en-US\"},{\"@type\":\"Organization\",\"@id\":\"https:\/\/loja.sbinova.com\/#organization\",\"name\":\"SB Inova\",\"url\":\"https:\/\/loja.sbinova.com\/\",\"logo\":{\"@type\":\"ImageObject\",\"inLanguage\":\"en-US\",\"@id\":\"https:\/\/loja.sbinova.com\/#\/schema\/logo\/image\/\",\"url\":\"https:\/\/loja.sbinova.com\/wp-content\/uploads\/2025\/08\/logo-sb-inova-scaled-e1757509938593.png\",\"contentUrl\":\"https:\/\/loja.sbinova.com\/wp-content\/uploads\/2025\/08\/logo-sb-inova-scaled-e1757509938593.png\",\"width\":1916,\"height\":1694,\"caption\":\"SB Inova\"},\"image\":{\"@id\":\"https:\/\/loja.sbinova.com\/#\/schema\/logo\/image\/\"}}]}<\/script>\n<!-- \/ Yoast SEO Premium plugin. -->","yoast_head_json":{"title":"Instala\u00e7\u00e3o Completa - SB Inova","robots":{"index":"index","follow":"follow","max-snippet":"max-snippet:-1","max-image-preview":"max-image-preview:large","max-video-preview":"max-video-preview:-1"},"canonical":"https:\/\/loja.sbinova.com\/en\/product\/instalacao-do-site-20-produtos-p-loja-personalizacao-do-site\/","og_locale":"en_US","og_type":"article","og_title":"Instala\u00e7\u00e3o Completa","og_description":"Site instalado pronto para usar;  Personaliza\u00e7\u00e3o de cores, logo, textos (fornecido pelo comprador);  P\u00e1ginas configuradas e otimiza\u00e7\u00e3o inicial;  Instala\u00e7\u00e3o de 20 produtos para loja virtual.","og_url":"https:\/\/loja.sbinova.com\/en\/product\/instalacao-do-site-20-produtos-p-loja-personalizacao-do-site\/","og_site_name":"SB Inova","article_modified_time":"2025-10-20T12:02:42+00:00","og_image":[{"width":1220,"height":1141,"url":"https:\/\/loja.sbinova.com\/wp-content\/uploads\/2025\/09\/Imagem-do-WhatsApp-de-2025-09-15-as-21.24.07_f6e05ab8.jpg","type":"image\/jpeg"}],"twitter_card":"summary_large_image","twitter_misc":{"Est. reading time":"1 minute"},"schema":{"@context":"https:\/\/schema.org","@graph":[{"@type":"WebPage","@id":"https:\/\/loja.sbinova.com\/product\/instalacao-do-site-20-produtos-p-loja-personalizacao-do-site\/","url":"https:\/\/loja.sbinova.com\/product\/instalacao-do-site-20-produtos-p-loja-personalizacao-do-site\/","name":"Instala\u00e7\u00e3o Completa - SB Inova","isPartOf":{"@id":"https:\/\/loja.sbinova.com\/#website"},"primaryImageOfPage":{"@id":"https:\/\/loja.sbinova.com\/product\/instalacao-do-site-20-produtos-p-loja-personalizacao-do-site\/#primaryimage"},"image":{"@id":"https:\/\/loja.sbinova.com\/product\/instalacao-do-site-20-produtos-p-loja-personalizacao-do-site\/#primaryimage"},"thumbnailUrl":"https:\/\/loja.sbinova.com\/wp-content\/uploads\/2025\/09\/Imagem-do-WhatsApp-de-2025-09-15-as-21.24.07_f6e05ab8.jpg","datePublished":"2025-09-16T00:33:27+00:00","dateModified":"2025-10-20T12:02:42+00:00","breadcrumb":{"@id":"https:\/\/loja.sbinova.com\/product\/instalacao-do-site-20-produtos-p-loja-personalizacao-do-site\/#breadcrumb"},"inLanguage":"en-US","potentialAction":[{"@type":"ReadAction","target":["https:\/\/loja.sbinova.com\/product\/instalacao-do-site-20-produtos-p-loja-personalizacao-do-site\/"]}]},{"@type":"ImageObject","inLanguage":"en-US","@id":"https:\/\/loja.sbinova.com\/product\/instalacao-do-site-20-produtos-p-loja-personalizacao-do-site\/#primaryimage","url":"https:\/\/loja.sbinova.com\/wp-content\/uploads\/2025\/09\/Imagem-do-WhatsApp-de-2025-09-15-as-21.24.07_f6e05ab8.jpg","contentUrl":"https:\/\/loja.sbinova.com\/wp-content\/uploads\/2025\/09\/Imagem-do-WhatsApp-de-2025-09-15-as-21.24.07_f6e05ab8.jpg","width":1220,"height":1141},{"@type":"BreadcrumbList","@id":"https:\/\/loja.sbinova.com\/product\/instalacao-do-site-20-produtos-p-loja-personalizacao-do-site\/#breadcrumb","itemListElement":[{"@type":"ListItem","position":1,"name":"Home","item":"https:\/\/loja.sbinova.com\/"},{"@type":"ListItem","position":2,"name":"Todos os Sites","item":"https:\/\/loja.sbinova.com\/todos-os-sites\/"},{"@type":"ListItem","position":3,"name":"Instala\u00e7\u00e3o Completa"}]},{"@type":"WebSite","@id":"https:\/\/loja.sbinova.com\/#website","url":"https:\/\/loja.sbinova.com\/","name":"SB Inova","description":"Seu neg\u00f3cio no ar em minutos!","publisher":{"@id":"https:\/\/loja.sbinova.com\/#organization"},"potentialAction":[{"@type":"SearchAction","target":{"@type":"EntryPoint","urlTemplate":"https:\/\/loja.sbinova.com\/?s={search_term_string}"},"query-input":{"@type":"PropertyValueSpecification","valueRequired":true,"valueName":"search_term_string"}}],"inLanguage":"en-US"},{"@type":"Organization","@id":"https:\/\/loja.sbinova.com\/#organization","name":"SB Inova","url":"https:\/\/loja.sbinova.com\/","logo":{"@type":"ImageObject","inLanguage":"en-US","@id":"https:\/\/loja.sbinova.com\/#\/schema\/logo\/image\/","url":"https:\/\/loja.sbinova.com\/wp-content\/uploads\/2025\/08\/logo-sb-inova-scaled-e1757509938593.png","contentUrl":"https:\/\/loja.sbinova.com\/wp-content\/uploads\/2025\/08\/logo-sb-inova-scaled-e1757509938593.png","width":1916,"height":1694,"caption":"SB Inova"},"image":{"@id":"https:\/\/loja.sbinova.com\/#\/schema\/logo\/image\/"}}]}},"_links":{"self":[{"href":"https:\/\/loja.sbinova.com\/en\/wp-json\/wp\/v2\/product\/630","targetHints":{"allow":["GET"]}}],"collection":[{"href":"https:\/\/loja.sbinova.com\/en\/wp-json\/wp\/v2\/product"}],"about":[{"href":"https:\/\/loja.sbinova.com\/en\/wp-json\/wp\/v2\/types\/product"}],"replies":[{"embeddable":true,"href":"https:\/\/loja.sbinova.com\/en\/wp-json\/wp\/v2\/comments?post=630"}],"wp:featuredmedia":[{"embeddable":true,"href":"https:\/\/loja.sbinova.com\/en\/wp-json\/wp\/v2\/media\/623"}],"wp:attachment":[{"href":"https:\/\/loja.sbinova.com\/en\/wp-json\/wp\/v2\/media?parent=630"}],"wp:term":[{"taxonomy":"product_brand","embeddable":true,"href":"https:\/\/loja.sbinova.com\/en\/wp-json\/wp\/v2\/product_brand?post=630"},{"taxonomy":"product_cat","embeddable":true,"href":"https:\/\/loja.sbinova.com\/en\/wp-json\/wp\/v2\/product_cat?post=630"},{"taxonomy":"product_tag","embeddable":true,"href":"https:\/\/loja.sbinova.com\/en\/wp-json\/wp\/v2\/product_tag?post=630"}],"curies":[{"name":"wp","href":"https:\/\/api.w.org\/{rel}","templated":true}]}}