{"id":434,"date":"2025-09-15T13:56:31","date_gmt":"2025-09-15T13:56:31","guid":{"rendered":"https:\/\/loja.sbinova.com\/?page_id=434"},"modified":"2025-09-15T14:36:58","modified_gmt":"2025-09-15T14:36:58","slug":"planos-precos","status":"publish","type":"page","link":"https:\/\/loja.sbinova.com\/en\/planos-precos\/","title":{"rendered":"Plans &amp; Prices"},"content":{"rendered":"<div data-elementor-type=\"wp-page\" data-elementor-id=\"434\" class=\"elementor elementor-434\" data-elementor-post-type=\"page\">\n\t\t\t\t<div class=\"elementor-element elementor-element-fde0943 e-flex e-con-boxed e-con e-parent\" data-id=\"fde0943\" data-element_type=\"container\">\n\t\t\t\t\t<div class=\"e-con-inner\">\n\t\t\t\t<div class=\"elementor-element elementor-element-f0ba0ab elementor-widget elementor-widget-html\" data-id=\"f0ba0ab\" data-element_type=\"widget\" data-widget_type=\"html.default\">\n\t\t\t\t\t<section id=\"planos-precos\" style=\"font-family: Inter, system-ui, sans-serif; padding:64px 18px; background:#fff;\">\r\n  <div style=\"max-width:1200px; margin:0 auto;\">\r\n    <header style=\"text-align:center; margin-bottom:28px;\">\r\n      <h2 style=\"font-size:28px; margin:0 0 8px; color:#222; font-weight:700;\">Escolha o plano ideal para o seu projeto<\/h2>\r\n      <p style=\"color:#666; margin:0; font-size:15px;\">Do site simples ao projeto exclusivo \u2014 temos o plano certo para voc\u00ea.<\/p>\r\n    <\/header>\r\n\r\n    <div class=\"planos-grid\">\r\n      <!-- Essencial -->\r\n      <article class=\"plano-card\">\r\n        <div class=\"plano-top\">\r\n          <h3>Plano Essencial<\/h3>\r\n          <p class=\"plano-sub\">Perfeito para come\u00e7ar simples e profissional<\/p>\r\n        <\/div>\r\n        <div class=\"plano-price\">R$ 899<span class=\"per\"> \u00e0 vista<\/span><\/div>\r\n        <ul class=\"plano-features\">\r\n          <li>Site institucional simples (m\u00e1x 2 p\u00e1ginas) ou Landing Page<\/li>\r\n          <li>Layout 100% responsivo<\/li>\r\n          <li>Sistema b\u00e1sico de apresenta\u00e7\u00e3o<\/li>\r\n          <li>Layout exclusivo e personaliz\u00e1vel<\/li>\r\n          <li>Suporte de <strong>15 dias<\/strong> ap\u00f3s entrega<\/li>\r\n        <\/ul>\r\n        <div class=\"plano-cta\">\r\n          <a class=\"btn btn-primary\" \r\n             href=\"https:\/\/wa.me\/5541920026637?text=Ol\u00e1!%20Gostaria%20de%20contratar%20o%20Plano%20Essencial.%20Como%20procedemos?\" \r\n             target=\"_blank\">\ud83d\udc49 Quero este<\/a>\r\n        <\/div>\r\n      <\/article>\r\n\r\n      <!-- Avan\u00e7ado -->\r\n      <article class=\"plano-card destaque\">\r\n        <div class=\"ribbon\">Mais popular<\/div>\r\n        <div class=\"plano-top\">\r\n          <h3>Plano Avan\u00e7ado<\/h3>\r\n          <p class=\"plano-sub\">Destaque-se e conquiste mais clientes<\/p>\r\n        <\/div>\r\n        <div class=\"plano-price\">R$ 1.590<span class=\"per\"> \u00e0 vista<\/span><\/div>\r\n        <ul class=\"plano-features\">\r\n          <li>Loja virtual ou site institucional completo<\/li>\r\n          <li>Design exclusivo<\/li>\r\n          <li>At\u00e9 <strong>20 produtos<\/strong> cadastrados<\/li>\r\n          <li>Integra\u00e7\u00e3o com Mercado Pago<\/li>\r\n          <li>Integra\u00e7\u00e3o com WhatsApp<\/li>\r\n          <li><strong>30 dias<\/strong> de suporte ap\u00f3s entrega<\/li>\r\n        <\/ul>\r\n        <div class=\"plano-cta\">\r\n          <a class=\"btn btn-ghost\" \r\n             href=\"https:\/\/wa.me\/5541920026637?text=Ol\u00e1!%20Quero%20contratar%20o%20Plano%20Avan\u00e7ado.%20Pode%20me%20orientar%20no%20processo?\" \r\n             target=\"_blank\">\ud83d\udc49 Quero este<\/a>\r\n        <\/div>\r\n      <\/article>\r\n\r\n      <!-- Premium -->\r\n      <article class=\"plano-card\">\r\n        <div class=\"plano-top\">\r\n          <h3>Plano Premium<\/h3>\r\n          <p class=\"plano-sub\">Sofistica\u00e7\u00e3o e exclusividade<\/p>\r\n        <\/div>\r\n        <div class=\"plano-price\">Sob consulta<\/div>\r\n        <ul class=\"plano-features\">\r\n          <li>Projeto <strong>100% personalizado<\/strong><\/li>\r\n          <li>Integra\u00e7\u00f5es avan\u00e7adas<\/li>\r\n          <li>Design sob medida<\/li>\r\n          <li>Consultoria completa e atendimento dedicado<\/li>\r\n        <\/ul>\r\n        <div class=\"plano-cta\">\r\n          <a class=\"btn btn-outline\" \r\n             href=\"https:\/\/wa.me\/5541920026637?text=Ol\u00e1!%20Tenho%20interesse%20no%20Plano%20Premium.%20Gostaria%20de%20um%20or\u00e7amento%20personalizado.\" \r\n             target=\"_blank\">\ud83d\udcac Solicitar or\u00e7amento<\/a>\r\n        <\/div>\r\n      <\/article>\r\n    <\/div>\r\n  <\/div>\r\n<\/section>\r\n\r\n<style>\r\n.planos-grid{\r\n  display:grid;\r\n  grid-template-columns: repeat(3,1fr);\r\n  gap:22px;\r\n  margin-top:24px;\r\n}\r\n.plano-card{\r\n  background:#fff;\r\n  border-radius:14px;\r\n  padding:26px;\r\n  box-shadow: 0 12px 30px rgba(16,24,40,0.06);\r\n  border:1px solid rgba(237,123,154,0.15);\r\n  position:relative;\r\n  display:flex;\r\n  flex-direction:column;\r\n  justify-content:space-between;\r\n  transition:.28s ease;\r\n}\r\n.plano-card:hover{ transform:translateY(-6px); }\r\n\r\n.ribbon{\r\n  position:absolute; top:px; right:-20px;\r\n  transform:rotate(10deg);\r\n  background:#f9396c; color:#fff;\r\n  padding:6px 42px; font-weight:700; font-size:12px;\r\n  border-radius:8px;\r\n}\r\n\r\n.plano-top h3{ margin:0 0 6px; color:#222; font-size:18px; }\r\n.plano-sub{ margin:0 0 18px; color:#777; font-size:13px; }\r\n\r\n.plano-price{ font-size:26px; color:#222; font-weight:800; margin:6px 0 18px; }\r\n.per{ font-size:12px; color:#777; margin-left:6px; }\r\n\r\n.plano-features{ list-style:none; padding:0; margin:0 0 22px; color:#444; }\r\n.plano-features li{ margin:8px 0; font-size:14px; }\r\n\r\n.btn{\r\n  display:inline-block;\r\n  padding:12px 18px;\r\n  border-radius:10px;\r\n  font-weight:700;\r\n  text-decoration:none;\r\n  transition:.2s ease;\r\n}\r\n.btn:hover{ text-decoration:none; }\r\n\r\n\/* cores *\/\r\n.btn-primary{\r\n  background:linear-gradient(135deg,#ed7b9a,#f9396c);\r\n  color:#fff !important;\r\n}\r\n.btn-primary:hover{ background:#f9396c; color:#fff !important; }\r\n\r\n.btn-ghost{\r\n  background:#fff;\r\n  color:#ed7b9a !important;\r\n  border:2px solid #ed7b9a;\r\n}\r\n.btn-ghost:hover{ background:#fef4f6; color:#f9396c !important; }\r\n\r\n.btn-outline{\r\n  background:transparent;\r\n  color:#ed7b9a !important;\r\n  border:2px dashed rgba(237,123,154,0.5);\r\n}\r\n.btn-outline:hover{ background:#fff6f8; color:#f9396c !important; }\r\n\r\n@media(max-width:980px){\r\n  .planos-grid{ grid-template-columns: repeat(2,1fr); }\r\n}\r\n@media(max-width:640px){\r\n  .planos-grid{ grid-template-columns:1fr; }\r\n  .ribbon{ display:none; }\r\n}\r\n<\/style>\r\n\t\t\t\t<\/div>\n\t\t\t\t\t<\/div>\n\t\t\t\t<\/div>\n\t\t\t\t<\/div>\n\t\t\n    <div class=\"xs_social_share_widget xs_share_url after_content \t\tmain_content  wslu-style-2 wslu-share-box-shaped wslu-fill-colored wslu-share-m-5 wslu-none wslu-share-horizontal wslu-theme-font-yes wslu-main_content\">\n\n\t\t\n        <ul>\n\t\t\t                    <li class=\"xs-share-li facebook                        wslu-no-extra-data\">\n                        <a href=\"javascript:void(0);\"\n                           id=\"xs_feed_facebook\"\n                           onclick=\"xs_social_sharer(this);\"\n                           data-pid=\"434\"\n                           data-uri_hash=\"b640ad5a51a9c9d3068268ed102cc98d\"\n                           data-key=\"facebook\"\n                           data-xs-href=\"http:\/\/www.facebook.com\/sharer.php?u=https%3A%2F%2Floja.sbinova.com%2Fen%2Fwp-json%2Fwp%2Fv2%2Fpages%2F434&amp;t=Planos+%26amp%3B+Pre%C3%A7os&amp;v=3\">\n\n                            <div class=\"xs-social-icon\">\n                                <span class=\"met-social met-social-facebook\"><\/span>\n                            <\/div>\n\n\t\t\t\t\t\t\t\n                            <div class=\"wslu-hover-content\">\n                                <div class=\"xs-social-followers\">\n\t\t\t\t\t\t\t\t\t0                                <\/div>\n                                <div class=\"xs-social-follower-text\">\n\t\t\t\t\t\t\t\t\tShare                                <\/div>\n                                <div class=\"xs-social-follower-label\">\n\t\t\t\t\t\t\t\t\tFacebook                                <\/div>\n                            <\/div>\n                        <\/a>\n                    <\/li>\n\t\t\t\t\t        <\/ul>\n    <\/div>","protected":false},"excerpt":{"rendered":"<p>Escolha o plano ideal para o seu projeto Do site simples ao projeto exclusivo \u2014 temos o plano certo para voc\u00ea. Plano Essencial Perfeito para come\u00e7ar simples e profissional R$ 899 \u00e0 vista Site institucional simples (m\u00e1x 2 p\u00e1ginas) ou Landing Page Layout 100% responsivo Sistema b\u00e1sico de apresenta\u00e7\u00e3o Layout exclusivo e personaliz\u00e1vel Suporte de [&hellip;]<\/p>","protected":false},"author":1,"featured_media":0,"parent":0,"menu_order":0,"comment_status":"closed","ping_status":"closed","template":"elementor_header_footer","meta":{"_acf_changed":false,"pagelayer_contact_templates":[],"_pagelayer_content":"","postBodyCss":"","postBodyMargin":[],"postBodyPadding":[],"postBodyBackground":{"backgroundType":"classic","gradient":""},"footnotes":""},"class_list":["post-434","page","type-page","status-publish","hentry"],"acf":[],"yoast_head":"<!-- This site is optimized with the Yoast SEO Premium plugin v25.6 (Yoast SEO v26.5) - https:\/\/yoast.com\/wordpress\/plugins\/seo\/ -->\n<title>Planos &amp; Pre\u00e7os - SB Inova<\/title>\n<meta name=\"robots\" content=\"index, follow, max-snippet:-1, max-image-preview:large, max-video-preview:-1\" \/>\n<link rel=\"canonical\" href=\"https:\/\/loja.sbinova.com\/en\/planos-precos\/\" \/>\n<meta property=\"og:locale\" content=\"en_US\" \/>\n<meta property=\"og:type\" content=\"article\" \/>\n<meta property=\"og:title\" content=\"Planos &amp; Pre\u00e7os\" \/>\n<meta property=\"og:description\" content=\"Escolha o plano ideal para o seu projeto Do site simples ao projeto exclusivo \u2014 temos o plano certo para voc\u00ea. Plano Essencial Perfeito para come\u00e7ar simples e profissional R$ 899 \u00e0 vista Site institucional simples (m\u00e1x 2 p\u00e1ginas) ou Landing Page Layout 100% responsivo Sistema b\u00e1sico de apresenta\u00e7\u00e3o Layout exclusivo e personaliz\u00e1vel Suporte de [&hellip;]\" \/>\n<meta property=\"og:url\" content=\"https:\/\/loja.sbinova.com\/en\/planos-precos\/\" \/>\n<meta property=\"og:site_name\" content=\"SB Inova\" \/>\n<meta property=\"article:modified_time\" content=\"2025-09-15T14:36:58+00:00\" \/>\n<meta name=\"twitter:card\" content=\"summary_large_image\" \/>\n<meta name=\"twitter:label1\" content=\"Est. reading time\" \/>\n\t<meta name=\"twitter:data1\" content=\"2 minutes\" \/>\n<script type=\"application\/ld+json\" class=\"yoast-schema-graph\">{\"@context\":\"https:\/\/schema.org\",\"@graph\":[{\"@type\":\"WebPage\",\"@id\":\"https:\/\/loja.sbinova.com\/planos-precos\/\",\"url\":\"https:\/\/loja.sbinova.com\/planos-precos\/\",\"name\":\"Planos &amp; Pre\u00e7os - SB Inova\",\"isPartOf\":{\"@id\":\"https:\/\/loja.sbinova.com\/#website\"},\"datePublished\":\"2025-09-15T13:56:31+00:00\",\"dateModified\":\"2025-09-15T14:36:58+00:00\",\"breadcrumb\":{\"@id\":\"https:\/\/loja.sbinova.com\/planos-precos\/#breadcrumb\"},\"inLanguage\":\"en-US\",\"potentialAction\":[{\"@type\":\"ReadAction\",\"target\":[\"https:\/\/loja.sbinova.com\/planos-precos\/\"]}]},{\"@type\":\"BreadcrumbList\",\"@id\":\"https:\/\/loja.sbinova.com\/planos-precos\/#breadcrumb\",\"itemListElement\":[{\"@type\":\"ListItem\",\"position\":1,\"name\":\"Home\",\"item\":\"https:\/\/loja.sbinova.com\/\"},{\"@type\":\"ListItem\",\"position\":2,\"name\":\"Planos &amp; Pre\u00e7os\"}]},{\"@type\":\"WebSite\",\"@id\":\"https:\/\/loja.sbinova.com\/#website\",\"url\":\"https:\/\/loja.sbinova.com\/\",\"name\":\"SB Inova\",\"description\":\"Seu neg\u00f3cio no ar em minutos!\",\"publisher\":{\"@id\":\"https:\/\/loja.sbinova.com\/#organization\"},\"potentialAction\":[{\"@type\":\"SearchAction\",\"target\":{\"@type\":\"EntryPoint\",\"urlTemplate\":\"https:\/\/loja.sbinova.com\/?s={search_term_string}\"},\"query-input\":{\"@type\":\"PropertyValueSpecification\",\"valueRequired\":true,\"valueName\":\"search_term_string\"}}],\"inLanguage\":\"en-US\"},{\"@type\":\"Organization\",\"@id\":\"https:\/\/loja.sbinova.com\/#organization\",\"name\":\"SB Inova\",\"url\":\"https:\/\/loja.sbinova.com\/\",\"logo\":{\"@type\":\"ImageObject\",\"inLanguage\":\"en-US\",\"@id\":\"https:\/\/loja.sbinova.com\/#\/schema\/logo\/image\/\",\"url\":\"https:\/\/loja.sbinova.com\/wp-content\/uploads\/2025\/08\/logo-sb-inova-scaled-e1757509938593.png\",\"contentUrl\":\"https:\/\/loja.sbinova.com\/wp-content\/uploads\/2025\/08\/logo-sb-inova-scaled-e1757509938593.png\",\"width\":1916,\"height\":1694,\"caption\":\"SB Inova\"},\"image\":{\"@id\":\"https:\/\/loja.sbinova.com\/#\/schema\/logo\/image\/\"}}]}<\/script>\n<!-- \/ Yoast SEO Premium plugin. -->","yoast_head_json":{"title":"Planos &amp; Pre\u00e7os - SB Inova","robots":{"index":"index","follow":"follow","max-snippet":"max-snippet:-1","max-image-preview":"max-image-preview:large","max-video-preview":"max-video-preview:-1"},"canonical":"https:\/\/loja.sbinova.com\/en\/planos-precos\/","og_locale":"en_US","og_type":"article","og_title":"Planos &amp; Pre\u00e7os","og_description":"Escolha o plano ideal para o seu projeto Do site simples ao projeto exclusivo \u2014 temos o plano certo para voc\u00ea. Plano Essencial Perfeito para come\u00e7ar simples e profissional R$ 899 \u00e0 vista Site institucional simples (m\u00e1x 2 p\u00e1ginas) ou Landing Page Layout 100% responsivo Sistema b\u00e1sico de apresenta\u00e7\u00e3o Layout exclusivo e personaliz\u00e1vel Suporte de [&hellip;]","og_url":"https:\/\/loja.sbinova.com\/en\/planos-precos\/","og_site_name":"SB Inova","article_modified_time":"2025-09-15T14:36:58+00:00","twitter_card":"summary_large_image","twitter_misc":{"Est. reading time":"2 minutes"},"schema":{"@context":"https:\/\/schema.org","@graph":[{"@type":"WebPage","@id":"https:\/\/loja.sbinova.com\/planos-precos\/","url":"https:\/\/loja.sbinova.com\/planos-precos\/","name":"Planos &amp; Pre\u00e7os - SB Inova","isPartOf":{"@id":"https:\/\/loja.sbinova.com\/#website"},"datePublished":"2025-09-15T13:56:31+00:00","dateModified":"2025-09-15T14:36:58+00:00","breadcrumb":{"@id":"https:\/\/loja.sbinova.com\/planos-precos\/#breadcrumb"},"inLanguage":"en-US","potentialAction":[{"@type":"ReadAction","target":["https:\/\/loja.sbinova.com\/planos-precos\/"]}]},{"@type":"BreadcrumbList","@id":"https:\/\/loja.sbinova.com\/planos-precos\/#breadcrumb","itemListElement":[{"@type":"ListItem","position":1,"name":"Home","item":"https:\/\/loja.sbinova.com\/"},{"@type":"ListItem","position":2,"name":"Planos &amp; Pre\u00e7os"}]},{"@type":"WebSite","@id":"https:\/\/loja.sbinova.com\/#website","url":"https:\/\/loja.sbinova.com\/","name":"SB Inova","description":"Seu neg\u00f3cio no ar em minutos!","publisher":{"@id":"https:\/\/loja.sbinova.com\/#organization"},"potentialAction":[{"@type":"SearchAction","target":{"@type":"EntryPoint","urlTemplate":"https:\/\/loja.sbinova.com\/?s={search_term_string}"},"query-input":{"@type":"PropertyValueSpecification","valueRequired":true,"valueName":"search_term_string"}}],"inLanguage":"en-US"},{"@type":"Organization","@id":"https:\/\/loja.sbinova.com\/#organization","name":"SB Inova","url":"https:\/\/loja.sbinova.com\/","logo":{"@type":"ImageObject","inLanguage":"en-US","@id":"https:\/\/loja.sbinova.com\/#\/schema\/logo\/image\/","url":"https:\/\/loja.sbinova.com\/wp-content\/uploads\/2025\/08\/logo-sb-inova-scaled-e1757509938593.png","contentUrl":"https:\/\/loja.sbinova.com\/wp-content\/uploads\/2025\/08\/logo-sb-inova-scaled-e1757509938593.png","width":1916,"height":1694,"caption":"SB Inova"},"image":{"@id":"https:\/\/loja.sbinova.com\/#\/schema\/logo\/image\/"}}]}},"_hostinger_reach_plugin_has_subscription_block":false,"_hostinger_reach_plugin_is_elementor":false,"_links":{"self":[{"href":"https:\/\/loja.sbinova.com\/en\/wp-json\/wp\/v2\/pages\/434","targetHints":{"allow":["GET"]}}],"collection":[{"href":"https:\/\/loja.sbinova.com\/en\/wp-json\/wp\/v2\/pages"}],"about":[{"href":"https:\/\/loja.sbinova.com\/en\/wp-json\/wp\/v2\/types\/page"}],"author":[{"embeddable":true,"href":"https:\/\/loja.sbinova.com\/en\/wp-json\/wp\/v2\/users\/1"}],"replies":[{"embeddable":true,"href":"https:\/\/loja.sbinova.com\/en\/wp-json\/wp\/v2\/comments?post=434"}],"version-history":[{"count":10,"href":"https:\/\/loja.sbinova.com\/en\/wp-json\/wp\/v2\/pages\/434\/revisions"}],"predecessor-version":[{"id":458,"href":"https:\/\/loja.sbinova.com\/en\/wp-json\/wp\/v2\/pages\/434\/revisions\/458"}],"wp:attachment":[{"href":"https:\/\/loja.sbinova.com\/en\/wp-json\/wp\/v2\/media?parent=434"}],"curies":[{"name":"wp","href":"https:\/\/api.w.org\/{rel}","templated":true}]}}